{"id":1417,"date":"2023-11-21T17:07:01","date_gmt":"2023-11-21T09:07:01","guid":{"rendered":"http:\/\/likai.huaxialifting.com\/?post_type=product&#038;p=1417"},"modified":"2023-11-22T10:19:04","modified_gmt":"2023-11-22T02:19:04","slug":"df900-multi-wire-saw-for-cutting-silicon-wafers","status":"publish","type":"product","link":"https:\/\/likai.huaxialifting.com\/index.php\/product\/df900-multi-wire-saw-for-cutting-silicon-wafers\/","title":{"rendered":"DF900 Multi-wire Saw for Cutting Silicon Wafers"},"content":{"rendered":"<p>Applicable Material\uff1aSilicon Wafers<\/p>\n<p>Max Processing Size(L\u00d7W\u00d7H):230mm\u00d7230mm\u00d7900mm\/\u03c6230mm\u00d7900mm<\/p>\n<p>Cut Shape: Straight shape<\/p>\n<p>Max Wire Speed: 2400m\/min<\/p>\n","protected":false},"excerpt":{"rendered":"<p>DF900 Multi-wire Saw for Cutting Silicon Wafers<\/p>\n","protected":false},"featured_media":1418,"comment_status":"open","ping_status":"closed","template":"","meta":[],"product_cat":[32,26],"product_tag":[],"class_list":["post-1417","product","type-product","status-publish","has-post-thumbnail","hentry","product_cat-df-series","product_cat-multi-wire-saw"],"acf":[],"_links":{"self":[{"href":"https:\/\/likai.huaxialifting.com\/index.php\/wp-json\/wp\/v2\/product\/1417","targetHints":{"allow":["GET"]}}],"collection":[{"href":"https:\/\/likai.huaxialifting.com\/index.php\/wp-json\/wp\/v2\/product"}],"about":[{"href":"https:\/\/likai.huaxialifting.com\/index.php\/wp-json\/wp\/v2\/types\/product"}],"replies":[{"embeddable":true,"href":"https:\/\/likai.huaxialifting.com\/index.php\/wp-json\/wp\/v2\/comments?post=1417"}],"wp:featuredmedia":[{"embeddable":true,"href":"https:\/\/likai.huaxialifting.com\/index.php\/wp-json\/wp\/v2\/media\/1418"}],"wp:attachment":[{"href":"https:\/\/likai.huaxialifting.com\/index.php\/wp-json\/wp\/v2\/media?parent=1417"}],"wp:term":[{"taxonomy":"product_cat","embeddable":true,"href":"https:\/\/likai.huaxialifting.com\/index.php\/wp-json\/wp\/v2\/product_cat?post=1417"},{"taxonomy":"product_tag","embeddable":true,"href":"https:\/\/likai.huaxialifting.com\/index.php\/wp-json\/wp\/v2\/product_tag?post=1417"}],"curies":[{"name":"wp","href":"https:\/\/api.w.org\/{rel}","templated":true}]}}